{"id":3045,"date":"2024-12-04T15:59:39","date_gmt":"2024-12-04T14:59:39","guid":{"rendered":"https:\/\/ateliercampco.com\/product\/camp-co-18kt-rosegouden-oorbellen-met-lapis-en-diamant\/"},"modified":"2026-01-07T00:17:34","modified_gmt":"2026-01-06T23:17:34","slug":"camp-co-18kt-rosegouden-oorbellen-met-lapis-en-diamant","status":"publish","type":"product","link":"https:\/\/ateliercampco.com\/en\/product\/camp-co-18kt-rosegouden-oorbellen-met-lapis-en-diamant\/","title":{"rendered":"Camp &amp; Co 18kt Ros\u00e9gouden Oorbellen met Lapis en diamant"},"content":{"rendered":"<p>18kt ros\u00e9gouden oorbellen van Camp &amp; Co. Deze oorbellen zijn met de grootste precisie vervaardigd uit 18kt ros\u00e9goud en versierd met lapis. Deze combinatie van materialen resulteert in een elegant en verfijnd sieraad. De hemelsblauwe kleur van de lapis contrasteert prachtig met het warme ros\u00e9goud, wat een uniek en intrigerend ontwerp oplevert.<\/p>","protected":false},"excerpt":{"rendered":"<p>18kt ros\u00e9gouden oorbellen van Camp &amp; Co. Deze oorbellen zijn met de grootste precisie vervaardigd uit 18kt ros\u00e9goud en versierd met lapis. Deze combinatie van materialen resulteert in een elegant en verfijnd sieraad. De hemelsblauwe kleur van de lapis contrasteert prachtig met het warme ros\u00e9goud, wat een uniek en intrigerend ontwerp oplevert.<\/p>","protected":false},"featured_media":3815,"comment_status":"open","ping_status":"closed","template":"","meta":[],"product_brand":[],"product_cat":[44],"product_tag":[],"class_list":{"0":"post-3045","1":"product","2":"type-product","3":"status-publish","4":"has-post-thumbnail","6":"product_cat-earrings","8":"first","9":"instock","10":"sold-individually","11":"shipping-taxable","12":"purchasable","13":"product-type-simple"},"yoast_head":"<!-- This site is optimized with the Yoast SEO plugin v27.5 - https:\/\/yoast.com\/product\/yoast-seo-wordpress\/ -->\n<title>Camp &amp; Co 18kt Ros\u00e9gouden Oorbellen met Lapis en diamant | Atelier Camp &amp; Co<\/title>\n<meta name=\"robots\" content=\"index, follow, max-snippet:-1, max-image-preview:large, max-video-preview:-1\" \/>\n<link rel=\"canonical\" href=\"https:\/\/ateliercampco.com\/en\/product\/camp-co-18kt-rosegouden-oorbellen-met-lapis-en-diamant\/\" \/>\n<meta property=\"og:locale\" content=\"en_GB\" \/>\n<meta property=\"og:type\" content=\"article\" \/>\n<meta property=\"og:title\" content=\"Camp &amp; Co 18kt Ros\u00e9gouden Oorbellen met Lapis en diamant | Atelier Camp &amp; Co\" \/>\n<meta property=\"og:description\" content=\"18kt ros\u00e9gouden oorbellen van Camp &amp; Co. Deze oorbellen zijn met de grootste precisie vervaardigd uit 18kt ros\u00e9goud en versierd met lapis. Deze combinatie van materialen resulteert in een elegant en verfijnd sieraad. De hemelsblauwe kleur van de lapis contrasteert prachtig met het warme ros\u00e9goud, wat een uniek en intrigerend ontwerp oplevert.\" \/>\n<meta property=\"og:url\" content=\"https:\/\/ateliercampco.com\/en\/product\/camp-co-18kt-rosegouden-oorbellen-met-lapis-en-diamant\/\" \/>\n<meta property=\"og:site_name\" content=\"Atelier Camp &amp; Co\" \/>\n<meta property=\"article:publisher\" content=\"https:\/\/www.facebook.com\/ateliercampco\/\" \/>\n<meta property=\"article:modified_time\" content=\"2026-01-06T23:17:34+00:00\" \/>\n<meta property=\"og:image\" content=\"https:\/\/ateliercampco.com\/wp-content\/uploads\/2024\/11\/IMG_6480-scaled.jpg\" \/>\n\t<meta property=\"og:image:width\" content=\"2560\" \/>\n\t<meta property=\"og:image:height\" content=\"1920\" \/>\n\t<meta property=\"og:image:type\" content=\"image\/jpeg\" \/>\n<meta name=\"twitter:card\" content=\"summary_large_image\" \/>\n<script type=\"application\/ld+json\" class=\"yoast-schema-graph\">{\"@context\":\"https:\\\/\\\/schema.org\",\"@graph\":[{\"@type\":\"WebPage\",\"@id\":\"https:\\\/\\\/ateliercampco.com\\\/product\\\/camp-co-18kt-rosegouden-oorbellen-met-lapis-en-diamant\\\/\",\"url\":\"https:\\\/\\\/ateliercampco.com\\\/product\\\/camp-co-18kt-rosegouden-oorbellen-met-lapis-en-diamant\\\/\",\"name\":\"Camp &amp; Co 18kt Ros\u00e9gouden Oorbellen met Lapis en diamant | Atelier Camp &amp; Co\",\"isPartOf\":{\"@id\":\"https:\\\/\\\/ateliercampco.com\\\/#website\"},\"primaryImageOfPage\":{\"@id\":\"https:\\\/\\\/ateliercampco.com\\\/product\\\/camp-co-18kt-rosegouden-oorbellen-met-lapis-en-diamant\\\/#primaryimage\"},\"image\":{\"@id\":\"https:\\\/\\\/ateliercampco.com\\\/product\\\/camp-co-18kt-rosegouden-oorbellen-met-lapis-en-diamant\\\/#primaryimage\"},\"thumbnailUrl\":\"https:\\\/\\\/ateliercampco.com\\\/wp-content\\\/uploads\\\/2024\\\/12\\\/2408-6172-XQV3R4UM7X.jpeg\",\"datePublished\":\"2024-12-04T14:59:39+00:00\",\"dateModified\":\"2026-01-06T23:17:34+00:00\",\"breadcrumb\":{\"@id\":\"https:\\\/\\\/ateliercampco.com\\\/product\\\/camp-co-18kt-rosegouden-oorbellen-met-lapis-en-diamant\\\/#breadcrumb\"},\"inLanguage\":\"en-GB\",\"potentialAction\":[{\"@type\":\"ReadAction\",\"target\":[\"https:\\\/\\\/ateliercampco.com\\\/product\\\/camp-co-18kt-rosegouden-oorbellen-met-lapis-en-diamant\\\/\"]}]},{\"@type\":\"ImageObject\",\"inLanguage\":\"en-GB\",\"@id\":\"https:\\\/\\\/ateliercampco.com\\\/product\\\/camp-co-18kt-rosegouden-oorbellen-met-lapis-en-diamant\\\/#primaryimage\",\"url\":\"https:\\\/\\\/ateliercampco.com\\\/wp-content\\\/uploads\\\/2024\\\/12\\\/2408-6172-XQV3R4UM7X.jpeg\",\"contentUrl\":\"https:\\\/\\\/ateliercampco.com\\\/wp-content\\\/uploads\\\/2024\\\/12\\\/2408-6172-XQV3R4UM7X.jpeg\",\"width\":800,\"height\":800},{\"@type\":\"BreadcrumbList\",\"@id\":\"https:\\\/\\\/ateliercampco.com\\\/product\\\/camp-co-18kt-rosegouden-oorbellen-met-lapis-en-diamant\\\/#breadcrumb\",\"itemListElement\":[{\"@type\":\"ListItem\",\"position\":1,\"name\":\"Home\",\"item\":\"https:\\\/\\\/ateliercampco.com\\\/\"},{\"@type\":\"ListItem\",\"position\":2,\"name\":\"Winkel\",\"item\":\"https:\\\/\\\/ateliercampco.com\\\/winkel\\\/\"},{\"@type\":\"ListItem\",\"position\":3,\"name\":\"Camp &amp; Co 18kt Ros\u00e9gouden Oorbellen met Lapis en diamant\"}]},{\"@type\":\"WebSite\",\"@id\":\"https:\\\/\\\/ateliercampco.com\\\/#website\",\"url\":\"https:\\\/\\\/ateliercampco.com\\\/\",\"name\":\"Atelier Camp & Co\",\"description\":\"Goudsmid atelier aan de prachtige Vos in Tuinstraat in Den Haag\",\"publisher\":{\"@id\":\"https:\\\/\\\/ateliercampco.com\\\/#organization\"},\"alternateName\":\"Atelier Camp & Co - goudsmid atelier aan de prachtige Vos in Tuinstraat in Den Haag\",\"potentialAction\":[{\"@type\":\"SearchAction\",\"target\":{\"@type\":\"EntryPoint\",\"urlTemplate\":\"https:\\\/\\\/ateliercampco.com\\\/?s={search_term_string}\"},\"query-input\":{\"@type\":\"PropertyValueSpecification\",\"valueRequired\":true,\"valueName\":\"search_term_string\"}}],\"inLanguage\":\"en-GB\"},{\"@type\":\"Organization\",\"@id\":\"https:\\\/\\\/ateliercampco.com\\\/#organization\",\"name\":\"Atelier Camp & Co\",\"url\":\"https:\\\/\\\/ateliercampco.com\\\/\",\"logo\":{\"@type\":\"ImageObject\",\"inLanguage\":\"en-GB\",\"@id\":\"https:\\\/\\\/ateliercampco.com\\\/#\\\/schema\\\/logo\\\/image\\\/\",\"url\":\"https:\\\/\\\/ateliercampco.com\\\/wp-content\\\/uploads\\\/2019\\\/07\\\/rsz_logo_wp-1.png\",\"contentUrl\":\"https:\\\/\\\/ateliercampco.com\\\/wp-content\\\/uploads\\\/2019\\\/07\\\/rsz_logo_wp-1.png\",\"width\":317,\"height\":117,\"caption\":\"Atelier Camp & Co\"},\"image\":{\"@id\":\"https:\\\/\\\/ateliercampco.com\\\/#\\\/schema\\\/logo\\\/image\\\/\"},\"sameAs\":[\"https:\\\/\\\/www.facebook.com\\\/ateliercampco\\\/\",\"https:\\\/\\\/instagram.com\\\/ateliercampco\\\/\"]}]}<\/script>\n<!-- \/ Yoast SEO plugin. -->","yoast_head_json":{"title":"Camp &amp; Co 18kt Ros\u00e9gouden Oorbellen met Lapis en diamant | Atelier Camp &amp; Co","robots":{"index":"index","follow":"follow","max-snippet":"max-snippet:-1","max-image-preview":"max-image-preview:large","max-video-preview":"max-video-preview:-1"},"canonical":"https:\/\/ateliercampco.com\/en\/product\/camp-co-18kt-rosegouden-oorbellen-met-lapis-en-diamant\/","og_locale":"en_GB","og_type":"article","og_title":"Camp &amp; Co 18kt Ros\u00e9gouden Oorbellen met Lapis en diamant | Atelier Camp &amp; Co","og_description":"18kt ros\u00e9gouden oorbellen van Camp &amp; Co. Deze oorbellen zijn met de grootste precisie vervaardigd uit 18kt ros\u00e9goud en versierd met lapis. Deze combinatie van materialen resulteert in een elegant en verfijnd sieraad. De hemelsblauwe kleur van de lapis contrasteert prachtig met het warme ros\u00e9goud, wat een uniek en intrigerend ontwerp oplevert.","og_url":"https:\/\/ateliercampco.com\/en\/product\/camp-co-18kt-rosegouden-oorbellen-met-lapis-en-diamant\/","og_site_name":"Atelier Camp &amp; Co","article_publisher":"https:\/\/www.facebook.com\/ateliercampco\/","article_modified_time":"2026-01-06T23:17:34+00:00","og_image":[{"width":2560,"height":1920,"url":"https:\/\/ateliercampco.com\/wp-content\/uploads\/2024\/11\/IMG_6480-scaled.jpg","type":"image\/jpeg"}],"twitter_card":"summary_large_image","schema":{"@context":"https:\/\/schema.org","@graph":[{"@type":"WebPage","@id":"https:\/\/ateliercampco.com\/product\/camp-co-18kt-rosegouden-oorbellen-met-lapis-en-diamant\/","url":"https:\/\/ateliercampco.com\/product\/camp-co-18kt-rosegouden-oorbellen-met-lapis-en-diamant\/","name":"Camp &amp; Co 18kt Ros\u00e9gouden Oorbellen met Lapis en diamant | Atelier Camp &amp; Co","isPartOf":{"@id":"https:\/\/ateliercampco.com\/#website"},"primaryImageOfPage":{"@id":"https:\/\/ateliercampco.com\/product\/camp-co-18kt-rosegouden-oorbellen-met-lapis-en-diamant\/#primaryimage"},"image":{"@id":"https:\/\/ateliercampco.com\/product\/camp-co-18kt-rosegouden-oorbellen-met-lapis-en-diamant\/#primaryimage"},"thumbnailUrl":"https:\/\/ateliercampco.com\/wp-content\/uploads\/2024\/12\/2408-6172-XQV3R4UM7X.jpeg","datePublished":"2024-12-04T14:59:39+00:00","dateModified":"2026-01-06T23:17:34+00:00","breadcrumb":{"@id":"https:\/\/ateliercampco.com\/product\/camp-co-18kt-rosegouden-oorbellen-met-lapis-en-diamant\/#breadcrumb"},"inLanguage":"en-GB","potentialAction":[{"@type":"ReadAction","target":["https:\/\/ateliercampco.com\/product\/camp-co-18kt-rosegouden-oorbellen-met-lapis-en-diamant\/"]}]},{"@type":"ImageObject","inLanguage":"en-GB","@id":"https:\/\/ateliercampco.com\/product\/camp-co-18kt-rosegouden-oorbellen-met-lapis-en-diamant\/#primaryimage","url":"https:\/\/ateliercampco.com\/wp-content\/uploads\/2024\/12\/2408-6172-XQV3R4UM7X.jpeg","contentUrl":"https:\/\/ateliercampco.com\/wp-content\/uploads\/2024\/12\/2408-6172-XQV3R4UM7X.jpeg","width":800,"height":800},{"@type":"BreadcrumbList","@id":"https:\/\/ateliercampco.com\/product\/camp-co-18kt-rosegouden-oorbellen-met-lapis-en-diamant\/#breadcrumb","itemListElement":[{"@type":"ListItem","position":1,"name":"Home","item":"https:\/\/ateliercampco.com\/"},{"@type":"ListItem","position":2,"name":"Winkel","item":"https:\/\/ateliercampco.com\/winkel\/"},{"@type":"ListItem","position":3,"name":"Camp &amp; Co 18kt Ros\u00e9gouden Oorbellen met Lapis en diamant"}]},{"@type":"WebSite","@id":"https:\/\/ateliercampco.com\/#website","url":"https:\/\/ateliercampco.com\/","name":"Atelier Camp & Co","description":"Goudsmid atelier aan de prachtige Vos in Tuinstraat in Den Haag","publisher":{"@id":"https:\/\/ateliercampco.com\/#organization"},"alternateName":"Atelier Camp & Co - goudsmid atelier aan de prachtige Vos in Tuinstraat in Den Haag","potentialAction":[{"@type":"SearchAction","target":{"@type":"EntryPoint","urlTemplate":"https:\/\/ateliercampco.com\/?s={search_term_string}"},"query-input":{"@type":"PropertyValueSpecification","valueRequired":true,"valueName":"search_term_string"}}],"inLanguage":"en-GB"},{"@type":"Organization","@id":"https:\/\/ateliercampco.com\/#organization","name":"Atelier Camp & Co","url":"https:\/\/ateliercampco.com\/","logo":{"@type":"ImageObject","inLanguage":"en-GB","@id":"https:\/\/ateliercampco.com\/#\/schema\/logo\/image\/","url":"https:\/\/ateliercampco.com\/wp-content\/uploads\/2019\/07\/rsz_logo_wp-1.png","contentUrl":"https:\/\/ateliercampco.com\/wp-content\/uploads\/2019\/07\/rsz_logo_wp-1.png","width":317,"height":117,"caption":"Atelier Camp & Co"},"image":{"@id":"https:\/\/ateliercampco.com\/#\/schema\/logo\/image\/"},"sameAs":["https:\/\/www.facebook.com\/ateliercampco\/","https:\/\/instagram.com\/ateliercampco\/"]}]}},"_links":{"self":[{"href":"https:\/\/ateliercampco.com\/en\/wp-json\/wp\/v2\/product\/3045","targetHints":{"allow":["GET"]}}],"collection":[{"href":"https:\/\/ateliercampco.com\/en\/wp-json\/wp\/v2\/product"}],"about":[{"href":"https:\/\/ateliercampco.com\/en\/wp-json\/wp\/v2\/types\/product"}],"replies":[{"embeddable":true,"href":"https:\/\/ateliercampco.com\/en\/wp-json\/wp\/v2\/comments?post=3045"}],"wp:featuredmedia":[{"embeddable":true,"href":"https:\/\/ateliercampco.com\/en\/wp-json\/wp\/v2\/media\/3815"}],"wp:attachment":[{"href":"https:\/\/ateliercampco.com\/en\/wp-json\/wp\/v2\/media?parent=3045"}],"wp:term":[{"taxonomy":"product_brand","embeddable":true,"href":"https:\/\/ateliercampco.com\/en\/wp-json\/wp\/v2\/product_brand?post=3045"},{"taxonomy":"product_cat","embeddable":true,"href":"https:\/\/ateliercampco.com\/en\/wp-json\/wp\/v2\/product_cat?post=3045"},{"taxonomy":"product_tag","embeddable":true,"href":"https:\/\/ateliercampco.com\/en\/wp-json\/wp\/v2\/product_tag?post=3045"}],"curies":[{"name":"wp","href":"https:\/\/api.w.org\/{rel}","templated":true}]}}